{"id":1023,"date":"2022-11-04T21:29:13","date_gmt":"2022-11-04T20:29:13","guid":{"rendered":"https:\/\/duisburgfringe.de\/?page_id=1023"},"modified":"2024-05-05T20:40:18","modified_gmt":"2024-05-05T18:40:18","slug":"locations","status":"publish","type":"page","link":"https:\/\/duisburgfringe.de\/en\/locations\/","title":{"rendered":"Locations"},"content":{"rendered":"<div class=\"grids-area\" style=\"--_ga-column:2\/3;--_ga-row:1\/2;--_ga-m-desktop:0 0 0 0;--_ga-p-desktop:0 0 0 0;--_ga-bg-desktop:transparent none;--_ga-zi-desktop:auto;--_ga-d-desktop:flex;--_ga-mw-desktop:calc(100% - 0 - 0);--_ga-m-tablet:0 0 0 0;--_ga-p-tablet:0 0 0 0;--_ga-bg-tablet:transparent none;--_ga-zi-tablet:auto;--_ga-d-tablet:flex;--_ga-mw-tablet:calc(100% - 0 - 0);--_ga-m-mobile:0 0 0 0;--_ga-p-mobile:0 0 0 0;--_ga-bg-mobile:transparent none;--_ga-zi-mobile:auto;--_ga-d-mobile:flex;--_ga-mw-mobile:calc(100% - 0 - 0)\">\n<p>&nbsp;<\/p>\t\t\n\t\t\t<style>\/*! elementor - v3.21.0 - 25-04-2024 *\/\n.elementor-widget-divider{--divider-border-style:none;--divider-border-width:1px;--divider-color:#0c0d0e;--divider-icon-size:20px;--divider-element-spacing:10px;--divider-pattern-height:24px;--divider-pattern-size:20px;--divider-pattern-url:none;--divider-pattern-repeat:repeat-x}.elementor-widget-divider .elementor-divider{display:flex}.elementor-widget-divider .elementor-divider__text{font-size:15px;line-height:1;max-width:95%}.elementor-widget-divider .elementor-divider__element{margin:0 var(--divider-element-spacing);flex-shrink:0}.elementor-widget-divider .elementor-icon{font-size:var(--divider-icon-size)}.elementor-widget-divider .elementor-divider-separator{display:flex;margin:0;direction:ltr}.elementor-widget-divider--view-line_icon .elementor-divider-separator,.elementor-widget-divider--view-line_text .elementor-divider-separator{align-items:center}.elementor-widget-divider--view-line_icon .elementor-divider-separator:after,.elementor-widget-divider--view-line_icon .elementor-divider-separator:before,.elementor-widget-divider--view-line_text .elementor-divider-separator:after,.elementor-widget-divider--view-line_text .elementor-divider-separator:before{display:block;content:\"\";border-block-end:0;flex-grow:1;border-block-start:var(--divider-border-width) var(--divider-border-style) var(--divider-color)}.elementor-widget-divider--element-align-left .elementor-divider .elementor-divider-separator>.elementor-divider__svg:first-of-type{flex-grow:0;flex-shrink:100}.elementor-widget-divider--element-align-left .elementor-divider-separator:before{content:none}.elementor-widget-divider--element-align-left .elementor-divider__element{margin-left:0}.elementor-widget-divider--element-align-right .elementor-divider .elementor-divider-separator>.elementor-divider__svg:last-of-type{flex-grow:0;flex-shrink:100}.elementor-widget-divider--element-align-right .elementor-divider-separator:after{content:none}.elementor-widget-divider--element-align-right .elementor-divider__element{margin-right:0}.elementor-widget-divider--element-align-start .elementor-divider .elementor-divider-separator>.elementor-divider__svg:first-of-type{flex-grow:0;flex-shrink:100}.elementor-widget-divider--element-align-start .elementor-divider-separator:before{content:none}.elementor-widget-divider--element-align-start .elementor-divider__element{margin-inline-start:0}.elementor-widget-divider--element-align-end .elementor-divider .elementor-divider-separator>.elementor-divider__svg:last-of-type{flex-grow:0;flex-shrink:100}.elementor-widget-divider--element-align-end .elementor-divider-separator:after{content:none}.elementor-widget-divider--element-align-end .elementor-divider__element{margin-inline-end:0}.elementor-widget-divider:not(.elementor-widget-divider--view-line_text):not(.elementor-widget-divider--view-line_icon) .elementor-divider-separator{border-block-start:var(--divider-border-width) var(--divider-border-style) var(--divider-color)}.elementor-widget-divider--separator-type-pattern{--divider-border-style:none}.elementor-widget-divider--separator-type-pattern.elementor-widget-divider--view-line .elementor-divider-separator,.elementor-widget-divider--separator-type-pattern:not(.elementor-widget-divider--view-line) .elementor-divider-separator:after,.elementor-widget-divider--separator-type-pattern:not(.elementor-widget-divider--view-line) .elementor-divider-separator:before,.elementor-widget-divider--separator-type-pattern:not([class*=elementor-widget-divider--view]) .elementor-divider-separator{width:100%;min-height:var(--divider-pattern-height);-webkit-mask-size:var(--divider-pattern-size) 100%;mask-size:var(--divider-pattern-size) 100%;-webkit-mask-repeat:var(--divider-pattern-repeat);mask-repeat:var(--divider-pattern-repeat);background-color:var(--divider-color);-webkit-mask-image:var(--divider-pattern-url);mask-image:var(--divider-pattern-url)}.elementor-widget-divider--no-spacing{--divider-pattern-size:auto}.elementor-widget-divider--bg-round{--divider-pattern-repeat:round}.rtl .elementor-widget-divider .elementor-divider__text{direction:rtl}.e-con-inner>.elementor-widget-divider,.e-con>.elementor-widget-divider{width:var(--container-widget-width,100%);--flex-grow:var(--container-widget-flex-grow)}<\/style>\t\t\n\t\t\t<style>\/*! elementor - v3.21.0 - 25-04-2024 *\/\n.elementor-column .elementor-spacer-inner{height:var(--spacer-size)}.e-con{--container-widget-width:100%}.e-con-inner>.elementor-widget-spacer,.e-con>.elementor-widget-spacer{width:var(--container-widget-width,var(--spacer-size));--align-self:var(--container-widget-align-self,initial);--flex-shrink:0}.e-con-inner>.elementor-widget-spacer>.elementor-widget-container,.e-con>.elementor-widget-spacer>.elementor-widget-container{height:100%;width:100%}.e-con-inner>.elementor-widget-spacer>.elementor-widget-container>.elementor-spacer,.e-con>.elementor-widget-spacer>.elementor-widget-container>.elementor-spacer{height:100%}.e-con-inner>.elementor-widget-spacer>.elementor-widget-container>.elementor-spacer>.elementor-spacer-inner,.e-con>.elementor-widget-spacer>.elementor-widget-container>.elementor-spacer>.elementor-spacer-inner{height:var(--container-widget-height,var(--spacer-size))}.e-con-inner>.elementor-widget-spacer.elementor-widget-empty,.e-con>.elementor-widget-spacer.elementor-widget-empty{position:relative;min-height:22px;min-width:22px}.e-con-inner>.elementor-widget-spacer.elementor-widget-empty .elementor-widget-empty-icon,.e-con>.elementor-widget-spacer.elementor-widget-empty .elementor-widget-empty-icon{position:absolute;top:0;bottom:0;left:0;right:0;margin:auto;padding:0;width:22px;height:22px}<\/style>\t\t\n\t\t<h2>DPaN \u2013 Das PLUS am Neumarkt<\/h2>\n<p>Das PLUS am Neumarkt ist der Projektladen des Kreativquartier Ruhrort. K\u00fcnstlershops, Konzerte, Ausstellungen, Literaturveranstaltungen, Workshops und vieles mehr gibt es bei uns zu entdecken. Mitmachen erw\u00fcnscht.<\/p>\n<p>=&gt; <a href=\"https:\/\/dasplusamneumarkt.de\/\" target=\"_blank\" rel=\"noopener\">mehr Infos<\/a><\/p>\t\t\n\t\t\t<style>\/*! elementor - v3.21.0 - 25-04-2024 *\/\n.elementor-widget-image{text-align:center}.elementor-widget-image a{display:inline-block}.elementor-widget-image a img[src$=\".svg\"]{width:48px}.elementor-widget-image img{vertical-align:middle;display:inline-block}<\/style>\t\t\t\t\t\t\t\t\t\t<img loading=\"lazy\" decoding=\"async\" width=\"640\" height=\"427\" src=\"https:\/\/i0.wp.com\/duisburgfringe.de\/wp-content\/uploads\/2022\/11\/Dry-Well-1.jpeg?resize=640%2C427&#038;ssl=1\" alt=\"\" srcset=\"https:\/\/i0.wp.com\/duisburgfringe.de\/wp-content\/uploads\/2022\/11\/Dry-Well-1-scaled.jpeg?resize=1024%2C683&amp;ssl=1 1024w, https:\/\/i0.wp.com\/duisburgfringe.de\/wp-content\/uploads\/2022\/11\/Dry-Well-1-scaled.jpeg?resize=300%2C200&amp;ssl=1 300w, https:\/\/i0.wp.com\/duisburgfringe.de\/wp-content\/uploads\/2022\/11\/Dry-Well-1-scaled.jpeg?resize=768%2C512&amp;ssl=1 768w, https:\/\/i0.wp.com\/duisburgfringe.de\/wp-content\/uploads\/2022\/11\/Dry-Well-1-scaled.jpeg?resize=1536%2C1024&amp;ssl=1 1536w, https:\/\/i0.wp.com\/duisburgfringe.de\/wp-content\/uploads\/2022\/11\/Dry-Well-1-scaled.jpeg?resize=2048%2C1366&amp;ssl=1 2048w, https:\/\/i0.wp.com\/duisburgfringe.de\/wp-content\/uploads\/2022\/11\/Dry-Well-1-scaled.jpeg?resize=18%2C12&amp;ssl=1 18w, https:\/\/i0.wp.com\/duisburgfringe.de\/wp-content\/uploads\/2022\/11\/Dry-Well-1-scaled.jpeg?resize=120%2C80&amp;ssl=1 120w, https:\/\/i0.wp.com\/duisburgfringe.de\/wp-content\/uploads\/2022\/11\/Dry-Well-1-scaled.jpeg?w=1280&amp;ssl=1 1280w, https:\/\/i0.wp.com\/duisburgfringe.de\/wp-content\/uploads\/2022\/11\/Dry-Well-1-scaled.jpeg?w=1920&amp;ssl=1 1920w\" sizes=\"(max-width: 640px) 100vw, 640px\" data-recalc-dims=\"1\" \/>\t\t\t\t\t\t\t\t\t\t\t\t\t\n\t\t\t\t\t\t\t\t\t\t\t\t\t<img loading=\"lazy\" decoding=\"async\" width=\"640\" height=\"428\" src=\"https:\/\/i0.wp.com\/duisburgfringe.de\/wp-content\/uploads\/2022\/05\/84059253_2782021928541495_8091580057652297728_o.jpg?resize=640%2C428&#038;ssl=1\" alt=\"\" srcset=\"https:\/\/i0.wp.com\/duisburgfringe.de\/wp-content\/uploads\/2022\/05\/84059253_2782021928541495_8091580057652297728_o.jpg?resize=1024%2C684&amp;ssl=1 1024w, https:\/\/i0.wp.com\/duisburgfringe.de\/wp-content\/uploads\/2022\/05\/84059253_2782021928541495_8091580057652297728_o.jpg?resize=300%2C200&amp;ssl=1 300w, https:\/\/i0.wp.com\/duisburgfringe.de\/wp-content\/uploads\/2022\/05\/84059253_2782021928541495_8091580057652297728_o.jpg?resize=768%2C513&amp;ssl=1 768w, https:\/\/i0.wp.com\/duisburgfringe.de\/wp-content\/uploads\/2022\/05\/84059253_2782021928541495_8091580057652297728_o.jpg?resize=1536%2C1026&amp;ssl=1 1536w, https:\/\/i0.wp.com\/duisburgfringe.de\/wp-content\/uploads\/2022\/05\/84059253_2782021928541495_8091580057652297728_o.jpg?resize=18%2C12&amp;ssl=1 18w, https:\/\/i0.wp.com\/duisburgfringe.de\/wp-content\/uploads\/2022\/05\/84059253_2782021928541495_8091580057652297728_o.jpg?resize=120%2C80&amp;ssl=1 120w, https:\/\/i0.wp.com\/duisburgfringe.de\/wp-content\/uploads\/2022\/05\/84059253_2782021928541495_8091580057652297728_o.jpg?w=1920&amp;ssl=1 1920w, https:\/\/i0.wp.com\/duisburgfringe.de\/wp-content\/uploads\/2022\/05\/84059253_2782021928541495_8091580057652297728_o.jpg?w=1280&amp;ssl=1 1280w\" sizes=\"(max-width: 640px) 100vw, 640px\" data-recalc-dims=\"1\" \/>\t\t\t\t\t\t\t\t\t\t\t\t\t\n\t\t<h2>Lokal Harmonie<\/h2>\n<p>s Lokal Harmonie ist allt\u00e4glich ein Ort der Produktion: f\u00fcr k\u00fcnstlerische, soziokulturelle und konzeptionelle Arbeit, f\u00fcr kulturelle Bildung, f\u00fcr interdisziplin\u00e4re Begegnungen und f\u00fcr gedanklichen Austausch. Hier treffen sich K\u00fcnstler*innen der Bereiche Theater, Performance, H\u00f6rspiel, Klangkunst, Fotografie, Film, Social Art und Musik. Der Charme des Raums und das Niveau der hier pr\u00e4sentierten k\u00fcnstlerischen Arbeiten haben das Lokal Harmonie zu einem weit \u00fcber Ruhrort und Duisburg hinaus bekannten Ort f\u00fcr Ausstellungen und kulturelle Veranstaltungen werden lassen..<\/p>\n<p>=&gt; <a href=\"https:\/\/lokal-harmonie.de\/\" target=\"_blank\" rel=\"noopener\">mehr Infos<\/a><\/p><h2>Neumarkt<\/h2>\t\t\n\t\t\t\t\t\t\t\t\t\t\t\t\t<img loading=\"lazy\" decoding=\"async\" width=\"640\" height=\"426\" src=\"https:\/\/i0.wp.com\/duisburgfringe.de\/wp-content\/uploads\/2022\/05\/PLUS-am-Neumarkt-aussen.jpeg?resize=640%2C426&#038;ssl=1\" alt=\"\" srcset=\"https:\/\/i0.wp.com\/duisburgfringe.de\/wp-content\/uploads\/2022\/05\/PLUS-am-Neumarkt-aussen.jpeg?resize=1024%2C681&amp;ssl=1 1024w, https:\/\/i0.wp.com\/duisburgfringe.de\/wp-content\/uploads\/2022\/05\/PLUS-am-Neumarkt-aussen.jpeg?resize=300%2C199&amp;ssl=1 300w, https:\/\/i0.wp.com\/duisburgfringe.de\/wp-content\/uploads\/2022\/05\/PLUS-am-Neumarkt-aussen.jpeg?resize=768%2C511&amp;ssl=1 768w, https:\/\/i0.wp.com\/duisburgfringe.de\/wp-content\/uploads\/2022\/05\/PLUS-am-Neumarkt-aussen.jpeg?resize=18%2C12&amp;ssl=1 18w, https:\/\/i0.wp.com\/duisburgfringe.de\/wp-content\/uploads\/2022\/05\/PLUS-am-Neumarkt-aussen.jpeg?resize=120%2C80&amp;ssl=1 120w, https:\/\/i0.wp.com\/duisburgfringe.de\/wp-content\/uploads\/2022\/05\/PLUS-am-Neumarkt-aussen.jpeg?w=1080&amp;ssl=1 1080w\" sizes=\"(max-width: 640px) 100vw, 640px\" data-recalc-dims=\"1\" \/>\t\t\t\t\t\t\t\t\t\t\t\t\t\n\t\t<h2>Zum H\u00fcbi<\/h2>\n<p>=&gt; <a href=\"https:\/\/zum-huebi.de\/\" target=\"_blank\" rel=\"noopener\">mehr Infos<\/a><\/p><\/div><h2>Kreativquartier Ruhrort<\/h2><div  class=\"grids-section grids-is-stretch\" style=\"--_gs-gap-desktop:0px 0px;--_gs-m-desktop:0 0 0 0;--_gs-p-desktop:0 0 0 0;--_gs-bg-desktop:transparent none;--_gs-bg-xp-desktop:0px;--_gs-zi-desktop:auto;--_gs-d-desktop:block;--_gs-mw-desktop:calc(100% - 0 - 0);--_gs-gap-tablet:0px 0px;--_gs-m-tablet:0 0 0 0;--_gs-p-tablet:0 0 0 0;--_gs-bg-tablet:transparent none;--_gs-bg-xp-tablet:0px;--_gs-zi-tablet:auto;--_gs-d-tablet:block;--_gs-mw-tablet:calc(100% - 0 - 0);--_gs-gap-mobile:0px 0px;--_gs-m-mobile:0 0 0 0;--_gs-p-mobile:0 0 0 0;--_gs-bg-mobile:transparent none;--_gs-bg-xp-mobile:0px;--_gs-zi-mobile:auto;--_gs-d-mobile:block;--_gs-mw-mobile:calc(100% - 0 - 0);--_gs-columns:2;--_gs-rows:1\"><div class=\"grids-s-w_i\">\n<div class=\"grids-area\" style=\"--_ga-column:1\/2;--_ga-row:1\/2;--_ga-m-desktop:0 0 0 0;--_ga-p-desktop:0 0 0 0;--_ga-bg-desktop:transparent none;--_ga-zi-desktop:auto;--_ga-d-desktop:flex;--_ga-mw-desktop:calc(100% - 0 - 0);--_ga-m-tablet:0 0 0 0;--_ga-p-tablet:0 0 0 0;--_ga-bg-tablet:transparent none;--_ga-zi-tablet:auto;--_ga-d-tablet:flex;--_ga-mw-tablet:calc(100% - 0 - 0);--_ga-m-mobile:0 0 0 0;--_ga-p-mobile:0 0 0 0;--_ga-bg-mobile:transparent none;--_ga-zi-mobile:auto;--_ga-d-mobile:flex;--_ga-mw-mobile:calc(100% - 0 - 0)\">\n\n<p>Ziel des <a title=\"\" href=\"https:\/\/www.kreativquartier-ruhrort.de\" target=\"_blank\" rel=\"noopener\">Kreativquartier Ruhrorts<\/a> ist es, ein liebens- und lebenswertes Ruhrort zu schaffen und mit Hilfe von Kunst und Kultur Ruhrort zu mehr Glanz und Ausstrahlung zu verhelfen. Mittlerweile erreicht das Kreativquartier Ruhrort\u00a0 \u00fcber 5000 Adressaten, die \u00fcber die Entwicklung des \u201eKreativquartier Ruhrort\u201c informiert werden, am Geschehen teilhaben, sowie sich im Stadtteil engagieren.<\/p>\n<\/div>\n<!-- wp:grids\/area {\"blockId\":\"59319752-76f2-45ac-84ad-266e00b32d66\",\"column\":{\"start\":2,\"end\":2},\"row\":{\"start\":1,\"end\":1},\"order\":2} -->\n<p>&nbsp;<\/p>\t\t\n\t\t\t<style>\/*! elementor - v3.21.0 - 25-04-2024 *\/\n.elementor-widget-divider{--divider-border-style:none;--divider-border-width:1px;--divider-color:#0c0d0e;--divider-icon-size:20px;--divider-element-spacing:10px;--divider-pattern-height:24px;--divider-pattern-size:20px;--divider-pattern-url:none;--divider-pattern-repeat:repeat-x}.elementor-widget-divider .elementor-divider{display:flex}.elementor-widget-divider .elementor-divider__text{font-size:15px;line-height:1;max-width:95%}.elementor-widget-divider .elementor-divider__element{margin:0 var(--divider-element-spacing);flex-shrink:0}.elementor-widget-divider .elementor-icon{font-size:var(--divider-icon-size)}.elementor-widget-divider .elementor-divider-separator{display:flex;margin:0;direction:ltr}.elementor-widget-divider--view-line_icon .elementor-divider-separator,.elementor-widget-divider--view-line_text .elementor-divider-separator{align-items:center}.elementor-widget-divider--view-line_icon .elementor-divider-separator:after,.elementor-widget-divider--view-line_icon .elementor-divider-separator:before,.elementor-widget-divider--view-line_text .elementor-divider-separator:after,.elementor-widget-divider--view-line_text .elementor-divider-separator:before{display:block;content:\"\";border-block-end:0;flex-grow:1;border-block-start:var(--divider-border-width) var(--divider-border-style) var(--divider-color)}.elementor-widget-divider--element-align-left .elementor-divider .elementor-divider-separator>.elementor-divider__svg:first-of-type{flex-grow:0;flex-shrink:100}.elementor-widget-divider--element-align-left .elementor-divider-separator:before{content:none}.elementor-widget-divider--element-align-left .elementor-divider__element{margin-left:0}.elementor-widget-divider--element-align-right .elementor-divider .elementor-divider-separator>.elementor-divider__svg:last-of-type{flex-grow:0;flex-shrink:100}.elementor-widget-divider--element-align-right .elementor-divider-separator:after{content:none}.elementor-widget-divider--element-align-right .elementor-divider__element{margin-right:0}.elementor-widget-divider--element-align-start .elementor-divider .elementor-divider-separator>.elementor-divider__svg:first-of-type{flex-grow:0;flex-shrink:100}.elementor-widget-divider--element-align-start .elementor-divider-separator:before{content:none}.elementor-widget-divider--element-align-start .elementor-divider__element{margin-inline-start:0}.elementor-widget-divider--element-align-end .elementor-divider .elementor-divider-separator>.elementor-divider__svg:last-of-type{flex-grow:0;flex-shrink:100}.elementor-widget-divider--element-align-end .elementor-divider-separator:after{content:none}.elementor-widget-divider--element-align-end .elementor-divider__element{margin-inline-end:0}.elementor-widget-divider:not(.elementor-widget-divider--view-line_text):not(.elementor-widget-divider--view-line_icon) .elementor-divider-separator{border-block-start:var(--divider-border-width) var(--divider-border-style) var(--divider-color)}.elementor-widget-divider--separator-type-pattern{--divider-border-style:none}.elementor-widget-divider--separator-type-pattern.elementor-widget-divider--view-line .elementor-divider-separator,.elementor-widget-divider--separator-type-pattern:not(.elementor-widget-divider--view-line) .elementor-divider-separator:after,.elementor-widget-divider--separator-type-pattern:not(.elementor-widget-divider--view-line) .elementor-divider-separator:before,.elementor-widget-divider--separator-type-pattern:not([class*=elementor-widget-divider--view]) .elementor-divider-separator{width:100%;min-height:var(--divider-pattern-height);-webkit-mask-size:var(--divider-pattern-size) 100%;mask-size:var(--divider-pattern-size) 100%;-webkit-mask-repeat:var(--divider-pattern-repeat);mask-repeat:var(--divider-pattern-repeat);background-color:var(--divider-color);-webkit-mask-image:var(--divider-pattern-url);mask-image:var(--divider-pattern-url)}.elementor-widget-divider--no-spacing{--divider-pattern-size:auto}.elementor-widget-divider--bg-round{--divider-pattern-repeat:round}.rtl .elementor-widget-divider .elementor-divider__text{direction:rtl}.e-con-inner>.elementor-widget-divider,.e-con>.elementor-widget-divider{width:var(--container-widget-width,100%);--flex-grow:var(--container-widget-flex-grow)}<\/style>\t\t\n\t\t\t<style>\/*! elementor - v3.21.0 - 25-04-2024 *\/\n.elementor-column .elementor-spacer-inner{height:var(--spacer-size)}.e-con{--container-widget-width:100%}.e-con-inner>.elementor-widget-spacer,.e-con>.elementor-widget-spacer{width:var(--container-widget-width,var(--spacer-size));--align-self:var(--container-widget-align-self,initial);--flex-shrink:0}.e-con-inner>.elementor-widget-spacer>.elementor-widget-container,.e-con>.elementor-widget-spacer>.elementor-widget-container{height:100%;width:100%}.e-con-inner>.elementor-widget-spacer>.elementor-widget-container>.elementor-spacer,.e-con>.elementor-widget-spacer>.elementor-widget-container>.elementor-spacer{height:100%}.e-con-inner>.elementor-widget-spacer>.elementor-widget-container>.elementor-spacer>.elementor-spacer-inner,.e-con>.elementor-widget-spacer>.elementor-widget-container>.elementor-spacer>.elementor-spacer-inner{height:var(--container-widget-height,var(--spacer-size))}.e-con-inner>.elementor-widget-spacer.elementor-widget-empty,.e-con>.elementor-widget-spacer.elementor-widget-empty{position:relative;min-height:22px;min-width:22px}.e-con-inner>.elementor-widget-spacer.elementor-widget-empty .elementor-widget-empty-icon,.e-con>.elementor-widget-spacer.elementor-widget-empty .elementor-widget-empty-icon{position:absolute;top:0;bottom:0;left:0;right:0;margin:auto;padding:0;width:22px;height:22px}<\/style>\t\t\n\t\t<h2>DPaN \u2013 Das PLUS am Neumarkt<\/h2>\n<p>Das PLUS am Neumarkt ist der Projektladen des Kreativquartier Ruhrort. K\u00fcnstlershops, Konzerte, Ausstellungen, Literaturveranstaltungen, Workshops und vieles mehr gibt es bei uns zu entdecken. Mitmachen erw\u00fcnscht.<\/p>\n<p>=&gt; <a href=\"https:\/\/dasplusamneumarkt.de\/\" target=\"_blank\" rel=\"noopener\">mehr Infos<\/a><\/p>\t\t\n\t\t\t<style>\/*! elementor - v3.21.0 - 25-04-2024 *\/\n.elementor-widget-image{text-align:center}.elementor-widget-image a{display:inline-block}.elementor-widget-image a img[src$=\".svg\"]{width:48px}.elementor-widget-image img{vertical-align:middle;display:inline-block}<\/style>\t\t\t\t\t\t\t\t\t\t<img loading=\"lazy\" decoding=\"async\" width=\"640\" height=\"427\" src=\"https:\/\/i0.wp.com\/duisburgfringe.de\/wp-content\/uploads\/2022\/11\/Dry-Well-1.jpeg?resize=640%2C427&#038;ssl=1\" alt=\"\" srcset=\"https:\/\/i0.wp.com\/duisburgfringe.de\/wp-content\/uploads\/2022\/11\/Dry-Well-1-scaled.jpeg?resize=1024%2C683&amp;ssl=1 1024w, https:\/\/i0.wp.com\/duisburgfringe.de\/wp-content\/uploads\/2022\/11\/Dry-Well-1-scaled.jpeg?resize=300%2C200&amp;ssl=1 300w, https:\/\/i0.wp.com\/duisburgfringe.de\/wp-content\/uploads\/2022\/11\/Dry-Well-1-scaled.jpeg?resize=768%2C512&amp;ssl=1 768w, https:\/\/i0.wp.com\/duisburgfringe.de\/wp-content\/uploads\/2022\/11\/Dry-Well-1-scaled.jpeg?resize=1536%2C1024&amp;ssl=1 1536w, https:\/\/i0.wp.com\/duisburgfringe.de\/wp-content\/uploads\/2022\/11\/Dry-Well-1-scaled.jpeg?resize=2048%2C1366&amp;ssl=1 2048w, https:\/\/i0.wp.com\/duisburgfringe.de\/wp-content\/uploads\/2022\/11\/Dry-Well-1-scaled.jpeg?resize=18%2C12&amp;ssl=1 18w, https:\/\/i0.wp.com\/duisburgfringe.de\/wp-content\/uploads\/2022\/11\/Dry-Well-1-scaled.jpeg?resize=120%2C80&amp;ssl=1 120w, https:\/\/i0.wp.com\/duisburgfringe.de\/wp-content\/uploads\/2022\/11\/Dry-Well-1-scaled.jpeg?w=1280&amp;ssl=1 1280w, https:\/\/i0.wp.com\/duisburgfringe.de\/wp-content\/uploads\/2022\/11\/Dry-Well-1-scaled.jpeg?w=1920&amp;ssl=1 1920w\" sizes=\"(max-width: 640px) 100vw, 640px\" data-recalc-dims=\"1\" \/>\t\t\t\t\t\t\t\t\t\t\t\t\t\n\t\t\t\t\t\t\t\t\t\t\t\t\t<img loading=\"lazy\" decoding=\"async\" width=\"640\" height=\"428\" src=\"https:\/\/i0.wp.com\/duisburgfringe.de\/wp-content\/uploads\/2022\/05\/84059253_2782021928541495_8091580057652297728_o.jpg?resize=640%2C428&#038;ssl=1\" alt=\"\" srcset=\"https:\/\/i0.wp.com\/duisburgfringe.de\/wp-content\/uploads\/2022\/05\/84059253_2782021928541495_8091580057652297728_o.jpg?resize=1024%2C684&amp;ssl=1 1024w, https:\/\/i0.wp.com\/duisburgfringe.de\/wp-content\/uploads\/2022\/05\/84059253_2782021928541495_8091580057652297728_o.jpg?resize=300%2C200&amp;ssl=1 300w, https:\/\/i0.wp.com\/duisburgfringe.de\/wp-content\/uploads\/2022\/05\/84059253_2782021928541495_8091580057652297728_o.jpg?resize=768%2C513&amp;ssl=1 768w, https:\/\/i0.wp.com\/duisburgfringe.de\/wp-content\/uploads\/2022\/05\/84059253_2782021928541495_8091580057652297728_o.jpg?resize=1536%2C1026&amp;ssl=1 1536w, https:\/\/i0.wp.com\/duisburgfringe.de\/wp-content\/uploads\/2022\/05\/84059253_2782021928541495_8091580057652297728_o.jpg?resize=18%2C12&amp;ssl=1 18w, https:\/\/i0.wp.com\/duisburgfringe.de\/wp-content\/uploads\/2022\/05\/84059253_2782021928541495_8091580057652297728_o.jpg?resize=120%2C80&amp;ssl=1 120w, https:\/\/i0.wp.com\/duisburgfringe.de\/wp-content\/uploads\/2022\/05\/84059253_2782021928541495_8091580057652297728_o.jpg?w=1920&amp;ssl=1 1920w, https:\/\/i0.wp.com\/duisburgfringe.de\/wp-content\/uploads\/2022\/05\/84059253_2782021928541495_8091580057652297728_o.jpg?w=1280&amp;ssl=1 1280w\" sizes=\"(max-width: 640px) 100vw, 640px\" data-recalc-dims=\"1\" \/>\t\t\t\t\t\t\t\t\t\t\t\t\t\n\t\t<h2>Lokal Harmonie<\/h2>\n<p>s Lokal Harmonie ist allt\u00e4glich ein Ort der Produktion: f\u00fcr k\u00fcnstlerische, soziokulturelle und konzeptionelle Arbeit, f\u00fcr kulturelle Bildung, f\u00fcr interdisziplin\u00e4re Begegnungen und f\u00fcr gedanklichen Austausch. Hier treffen sich K\u00fcnstler*innen der Bereiche Theater, Performance, H\u00f6rspiel, Klangkunst, Fotografie, Film, Social Art und Musik. Der Charme des Raums und das Niveau der hier pr\u00e4sentierten k\u00fcnstlerischen Arbeiten haben das Lokal Harmonie zu einem weit \u00fcber Ruhrort und Duisburg hinaus bekannten Ort f\u00fcr Ausstellungen und kulturelle Veranstaltungen werden lassen..<\/p>\n<p>=&gt; <a href=\"https:\/\/lokal-harmonie.de\/\" target=\"_blank\" rel=\"noopener\">mehr Infos<\/a><\/p><h2>Neumarkt<\/h2>\t\t\n\t\t\t\t\t\t\t\t\t\t\t\t\t<img loading=\"lazy\" decoding=\"async\" width=\"640\" height=\"426\" src=\"https:\/\/i0.wp.com\/duisburgfringe.de\/wp-content\/uploads\/2022\/05\/PLUS-am-Neumarkt-aussen.jpeg?resize=640%2C426&#038;ssl=1\" alt=\"\" srcset=\"https:\/\/i0.wp.com\/duisburgfringe.de\/wp-content\/uploads\/2022\/05\/PLUS-am-Neumarkt-aussen.jpeg?resize=1024%2C681&amp;ssl=1 1024w, https:\/\/i0.wp.com\/duisburgfringe.de\/wp-content\/uploads\/2022\/05\/PLUS-am-Neumarkt-aussen.jpeg?resize=300%2C199&amp;ssl=1 300w, https:\/\/i0.wp.com\/duisburgfringe.de\/wp-content\/uploads\/2022\/05\/PLUS-am-Neumarkt-aussen.jpeg?resize=768%2C511&amp;ssl=1 768w, https:\/\/i0.wp.com\/duisburgfringe.de\/wp-content\/uploads\/2022\/05\/PLUS-am-Neumarkt-aussen.jpeg?resize=18%2C12&amp;ssl=1 18w, https:\/\/i0.wp.com\/duisburgfringe.de\/wp-content\/uploads\/2022\/05\/PLUS-am-Neumarkt-aussen.jpeg?resize=120%2C80&amp;ssl=1 120w, https:\/\/i0.wp.com\/duisburgfringe.de\/wp-content\/uploads\/2022\/05\/PLUS-am-Neumarkt-aussen.jpeg?w=1080&amp;ssl=1 1080w\" sizes=\"(max-width: 640px) 100vw, 640px\" data-recalc-dims=\"1\" \/>\t\t\t\t\t\t\t\t\t\t\t\t\t\n\t\t<h2>Zum H\u00fcbi<\/h2>\n<p>=&gt; <a href=\"https:\/\/zum-huebi.de\/\" target=\"_blank\" rel=\"noopener\">mehr Infos<\/a><\/p><\/div><\/div>","protected":false},"excerpt":{"rendered":"<p>Kreativquartier Ruhrort<\/p>","protected":false},"author":1,"featured_media":0,"parent":0,"menu_order":0,"comment_status":"closed","ping_status":"closed","template":"","meta":{"_EventAllDay":false,"_EventTimezone":"","_EventStartDate":"","_EventEndDate":"","_EventStartDateUTC":"","_EventEndDateUTC":"","_EventShowMap":false,"_EventShowMapLink":false,"_EventURL":"","_EventCost":"","_EventCostDescription":"","_EventCurrencySymbol":"","_EventCurrencyCode":"","_EventCurrencyPosition":"","_EventDateTimeSeparator":"","_EventTimeRangeSeparator":"","_EventOrganizerID":[],"_EventVenueID":[],"_OrganizerEmail":"","_OrganizerPhone":"","_OrganizerWebsite":"","_VenueAddress":"","_VenueCity":"","_VenueCountry":"","_VenueProvince":"","_VenueState":"","_VenueZip":"","_VenuePhone":"","_VenueURL":"","_VenueStateProvince":"","_VenueLat":"","_VenueLng":"","_VenueShowMap":false,"_VenueShowMapLink":false,"footnotes":""},"class_list":["post-1023","page","type-page","status-publish","hentry"],"aioseo_notices":[],"jetpack_sharing_enabled":true,"_links":{"self":[{"href":"https:\/\/duisburgfringe.de\/en\/wp-json\/wp\/v2\/pages\/1023"}],"collection":[{"href":"https:\/\/duisburgfringe.de\/en\/wp-json\/wp\/v2\/pages"}],"about":[{"href":"https:\/\/duisburgfringe.de\/en\/wp-json\/wp\/v2\/types\/page"}],"author":[{"embeddable":true,"href":"https:\/\/duisburgfringe.de\/en\/wp-json\/wp\/v2\/users\/1"}],"replies":[{"embeddable":true,"href":"https:\/\/duisburgfringe.de\/en\/wp-json\/wp\/v2\/comments?post=1023"}],"version-history":[{"count":96,"href":"https:\/\/duisburgfringe.de\/en\/wp-json\/wp\/v2\/pages\/1023\/revisions"}],"predecessor-version":[{"id":1976,"href":"https:\/\/duisburgfringe.de\/en\/wp-json\/wp\/v2\/pages\/1023\/revisions\/1976"}],"wp:attachment":[{"href":"https:\/\/duisburgfringe.de\/en\/wp-json\/wp\/v2\/media?parent=1023"}],"curies":[{"name":"wp","href":"https:\/\/api.w.org\/{rel}","templated":true}]}}