{"id":30,"date":"2020-02-29T22:24:52","date_gmt":"2020-02-29T21:24:52","guid":{"rendered":"http:\/\/duisburgfringe.de\/?page_id=30"},"modified":"2024-10-23T13:06:36","modified_gmt":"2024-10-23T11:06:36","slug":"impressum","status":"publish","type":"page","link":"https:\/\/duisburgfringe.de\/en\/impressum\/","title":{"rendered":"Legal information"},"content":{"rendered":"<h2>Legal information<\/h2>\n<p><strong>Diese Seite wird betrieben durch:<\/strong><\/p>\n<p>Kreativquartier Ruhrort UG (haftungsbeschr\u00e4nkt)<br \/>\ngemeinn\u00fctzig im Sinne der Abgabenordnung<br \/>\nNeumarkt 19<br \/>\n47119 Duisburg<\/p>\n<p><em><strong>Postadresse:<\/strong><\/em> Postfach 310139, 47254 Duisburg<\/p>\n<p>Handelsregister: HRB 26230<br \/>\nRegistergericht: Registergericht Duisburg<\/p>\n<p><strong>Vertreten durch (Gesch\u00e4ftsf\u00fchrer):<\/strong><\/p>\n<p>Heinrich Heseding<\/p>\n<p><strong>Kontakt:<\/strong><\/p>\n<p>Telefon: +49 203 9356612<br \/>\nE-Mail: <a>info@kreativquartier-ruhrort.de<\/a><\/p>\n<p><strong>Redaktionell Verantwortlicher:<\/strong><\/p>\n<p>Heinrich Heseding<br \/>\nc\/o Kreativquartier Ruhrort UG (haftungsbeschr\u00e4nkt)<br \/>\nNeumarkt 19<br \/>\n47119 Duisburg<\/p>\n<p><strong>EU-Streitschlichtung:<\/strong><\/p>\n<p>Die Europ\u00e4ische Kommission stellt eine Plattform zur Online-Streitbeilegung (OS) bereit:<br \/>\n<a href=\"https:\/\/ec.europa.eu\/consumers\/odr.\">https:\/\/ec.europa.eu\/consumers\/odr.<\/a><br \/>\nUnsere E-Mail-Adresse finden Sie oben im Impressum.<strong><br \/>\n<\/strong><\/p>\n<p><strong>Verbraucherstreitbeilegung\/Universalschlichtungsstelle:<\/strong><\/p>\n<p>Wir sind nicht bereit oder verpflichtet, an Streitbeilegungsverfahren vor einer Verbraucherschlichtungsstelle teilzunehmen.<strong><br \/>\n<\/strong><\/p>\n<p><strong>Social Media und andere Onlinepr\u00e4senzen:<\/strong><\/p>\n<p>Dieses Impressum gilt auch f\u00fcr die folgenden Onlineprofile:<\/p>\n<p><a href=\"https:\/\/www.instagram.com\/duisburgfringe\/\" target=\"_blank\" rel=\"noopener\">https:\/\/www.instagram.com\/duisburgfringe\/<\/a><br \/>\n<a href=\"https:\/\/www.facebook.com\/duisburgfringe\" target=\"_blank\" rel=\"noopener\">https:\/\/www.facebook.com\/duisburgfringe<\/a><br \/>\n<a href=\"https:\/\/facebook.com\/kreativquartier\" target=\"_blank\" rel=\"noopener\">https:\/\/facebook.com\/kreativquartier<\/a><br \/>\n<a href=\"https:\/\/www.instagram.com\/kreativquartier_ruhrort\/\" target=\"_blank\" rel=\"noopener\">https:\/\/www.instagram.com\/kreativquartier_ruhrort\/<\/a><br \/>\n<a href=\"https:\/\/twitter.com\/Kreativquartie2\" target=\"_blank\" rel=\"noopener\">https:\/\/twitter.com\/Kreativquartie2<\/a><br \/>\n<a href=\"https:\/\/www.youtube.com\/channel\/UCxCknlywGiWTLZaqee8PQuw\" target=\"_blank\" rel=\"noopener\">https:\/\/www.youtube.com\/channel\/UCxCknlywGiWTLZaqee8PQuw<\/a><\/p>\n<h3>Haftungsausschluss:<\/h3>\n<p><strong>Haftung f\u00fcr Inhalte<\/strong><\/p>\n<p style=\"background-color: transparent;\">Als Diensteanbieter sind wir f\u00fcr eigene Inhalte auf diesen Webseiten nach den allgemeinen Gesetzen verantwortlich. Als Diensteanbieter sind wir jedoch nicht verpflichtet, \u00fcbermittelte oder gespeicherte fremde Informationen zu \u00fcberwachen oder nach Umst\u00e4nden zu forschen, die auf eine rechtswidrige T\u00e4tigkeit hinweisen. Verpflichtungen zur Entfernung oder Sperrung der Nutzung von Informationen nach den allgemeinen Gesetzen bleiben hiervon unber\u00fchrt. Eine diesbez\u00fcgliche Haftung ist jedoch erst ab dem Zeitpunkt der Kenntnis einer konkreten Rechtsverletzung m\u00f6glich. Bei Bekanntwerden von entsprechenden Rechtsverletzungen werden wir entsprechende Inhalte umgehend entfernen.<\/p>\n<p><strong>Haftung f\u00fcr Links<\/strong><\/p>\n<p>Unser Angebot enth\u00e4lt Links zu externen Websites Dritter, auf deren Inhalte wir keinen Einfluss haben. Deshalb k\u00f6nnen wir f\u00fcr diese fremden Inhalte auch keine Gew\u00e4hr \u00fcbernehmen. F\u00fcr die Inhalte der verlinkten Seiten ist stets der jeweilige Anbieter oder Betreiber der Seiten verantwortlich. Die verlinkten Seiten wurden zum Zeitpunkt der Verlinkung auf m\u00f6gliche Rechtsverst\u00f6\u00dfe \u00fcberpr\u00fcft. Rechtswidrige Inhalte waren zum Zeitpunkt der Verlinkung nicht erkennbar. Eine permanente inhaltliche Kontrolle der verlinkten Seiten ist jedoch ohne konkrete Anhaltspunkte einer Rechtsverletzung nicht zumutbar. Bei Bekanntwerden von Rechtsverletzungen werden wir derartige Links umgehend entfernen.<\/p>\n<p><strong>Urheberrecht<\/strong><\/p>\n<p>Die durch die Seitenbetreiber erstellten Inhalte und Werke auf diesen Seiten unterliegen dem deutschen Urheberrecht. Die Vervielf\u00e4ltigung, Bearbeitung, Verbreitung und jede Art der Verwertung au\u00dferhalb der Grenzen des Urheberrechtes bed\u00fcrfen der schriftlichen Zustimmung des jeweiligen Autors bzw. Erstellers. Downloads und Kopien dieser Seite sind nur f\u00fcr den privaten, nicht kommerziellen Gebrauch gestattet. Soweit die Inhalte auf dieser Seite nicht vom Betreiber erstellt wurden, werden die Urheberrechte Dritter beachtet. Insbesondere werden Inhalte Dritter als solche gekennzeichnet. Sollten Sie trotzdem auf eine Urheberrechtsverletzung aufmerksam werden, bitten wir um einen entsprechenden Hinweis. Bei Bekanntwerden von Rechtsverletzungen werden wir derartige Inhalte umgehend entfernen.<\/p>","protected":false},"excerpt":{"rendered":"<p>Impressum Diese Seite wird betrieben durch: Kreativquartier Ruhrort UG (haftungsbeschr\u00e4nkt) gemeinn\u00fctzig im Sinne der Abgabenordnung Neumarkt 19 47119 Duisburg Postadresse: Postfach 310139,<\/p>\n<p class=\"link-more\"><a class=\"myButt\" href=\"https:\/\/duisburgfringe.de\/en\/impressum\/\">weiterlesen<\/a><\/p>","protected":false},"author":1,"featured_media":0,"parent":0,"menu_order":0,"comment_status":"closed","ping_status":"closed","template":"","meta":{"_EventAllDay":false,"_EventTimezone":"","_EventStartDate":"","_EventEndDate":"","_EventStartDateUTC":"","_EventEndDateUTC":"","_EventShowMap":false,"_EventShowMapLink":false,"_EventURL":"","_EventCost":"","_EventCostDescription":"","_EventCurrencySymbol":"","_EventCurrencyCode":"","_EventCurrencyPosition":"","_EventDateTimeSeparator":"","_EventTimeRangeSeparator":"","_EventOrganizerID":[],"_EventVenueID":[],"_OrganizerEmail":"","_OrganizerPhone":"","_OrganizerWebsite":"","_VenueAddress":"","_VenueCity":"","_VenueCountry":"","_VenueProvince":"","_VenueState":"","_VenueZip":"","_VenuePhone":"","_VenueURL":"","_VenueStateProvince":"","_VenueLat":"","_VenueLng":"","_VenueShowMap":false,"_VenueShowMapLink":false,"footnotes":""},"class_list":["post-30","page","type-page","status-publish","hentry"],"aioseo_notices":[],"jetpack_sharing_enabled":true,"_links":{"self":[{"href":"https:\/\/duisburgfringe.de\/en\/wp-json\/wp\/v2\/pages\/30"}],"collection":[{"href":"https:\/\/duisburgfringe.de\/en\/wp-json\/wp\/v2\/pages"}],"about":[{"href":"https:\/\/duisburgfringe.de\/en\/wp-json\/wp\/v2\/types\/page"}],"author":[{"embeddable":true,"href":"https:\/\/duisburgfringe.de\/en\/wp-json\/wp\/v2\/users\/1"}],"replies":[{"embeddable":true,"href":"https:\/\/duisburgfringe.de\/en\/wp-json\/wp\/v2\/comments?post=30"}],"version-history":[{"count":30,"href":"https:\/\/duisburgfringe.de\/en\/wp-json\/wp\/v2\/pages\/30\/revisions"}],"predecessor-version":[{"id":2389,"href":"https:\/\/duisburgfringe.de\/en\/wp-json\/wp\/v2\/pages\/30\/revisions\/2389"}],"wp:attachment":[{"href":"https:\/\/duisburgfringe.de\/en\/wp-json\/wp\/v2\/media?parent=30"}],"curies":[{"name":"wp","href":"https:\/\/api.w.org\/{rel}","templated":true}]}}