{"id":551,"date":"2021-08-08T20:42:59","date_gmt":"2021-08-08T18:42:59","guid":{"rendered":"http:\/\/duisburgfringe.de\/?page_id=551"},"modified":"2024-04-26T15:55:11","modified_gmt":"2024-04-26T13:55:11","slug":"anfahrt","status":"publish","type":"page","link":"https:\/\/duisburgfringe.de\/en\/anfahrt\/","title":{"rendered":"How to get here"},"content":{"rendered":"<p>GPS: Neumarkt 19, 47119 Duisburg <strong>Neumarkt 19, 47119 Duisburg<\/strong><\/p>\n<!-- \/wp:paragraph --><!-- wp:paragraph -->\n<p>\u00a0<\/p>\n<p><br \/><strong>Public Transport: <\/strong><\/p>\n<!-- \/wp:paragraph --><!-- wp:paragraph -->\n<p class=\"translation-block\">Take tram \u201e901 Marxloh\/Scholtenhofstra\u00dfe\u201c from Duisburg mainstation (\u201eHauptbahnhof\u201c), exit at \u201eKarlstra\u00dfe\u201c. Continue on foot. Straight on, turn left into Harmoniestra\u00dfe until you reach the market square.<\/p>\n<!-- \/wp:paragraph --><!-- wp:paragraph -->\n<p class=\"translation-block\">Bus 911 or 929 from Homberg\/Moers to Ruhrort Friedrichsplatz. Then walk down Harmoniestra\u00dfe in the direction of Neumarkt.<\/p>\n<!-- \/wp:paragraph --><!-- wp:paragraph -->\n<p class=\"translation-block\">RB36 from Oberhausen Central Station and Meiderich Station to Ruhrort Station. From there, turn left and walk past the Kaufland Supermarket and across the Friedrichplatz and follow Harmoniestra\u00dfe to Neumarkt.<\/p>\n<!-- \/wp:paragraph --><!-- wp:paragraph -->\n<p>\u00a0<\/p>\n<p class=\"translation-block\">By Car:\u2028Start at city center\/main station. Go down Koloniestra\u00dfe, continue straight while it changes to Kremerstra\u00dfe, Plessingstra\u00dfe, Am Brink. Take the third exit at the roundabout to reach Ruhrorter Stra\u00dfe, turn left into Dr. Hammacher Stra\u00dfe and start looking for a parking spot.<\/p>\n<!-- \/wp:paragraph --><!-- wp:paragraph -->\n<p class=\"translation-block\">From Essen: A40 til exit Duisburg H\u00e4fen\/Ruhrort, 700m straight on, then take the third exit in the roundabout. Drive on and turn left into Hafenstra\u00dfe and Dr.-Hammacher-Street. Lookout for a parking spot.<\/p>\n<!-- \/wp:paragraph --><!-- wp:paragraph -->\n<p class=\"translation-block\">From Gelsenkirchen: A42 til exit Beeck. Turn left and follow the street til Friedrichsplatz.<\/p>\n<!-- \/wp:paragraph --><!-- wp:paragraph -->\n<p class=\"translation-block\">From D\u00fcsseldorf or Dinslaken: A59 til exit Ruhrort\/Meiderich Herzzentrum. Turn right and follow the street. Take the second exit in the roundabout. Drive past the gas station and turn right into Hafenstra\u00dfe and Dr.-Hammacher-Stra\u00dfe.<\/p>\n<p>\u00a0<\/p>\n<p>\u00a0<\/p>\n<!-- \/wp:paragraph -->","protected":false},"excerpt":{"rendered":"<p>Adresse f\u00fcr das Navi: Neumarkt 19, 47119 Duisburg \u00a0 \u00d6PNV: U-Bahn 901 ab Duisburg Hauptbahnhof in Richtung Marxloh oder Scholtenhofstra\u00dfe, 11 Minuten\/8<\/p>\n<p class=\"link-more\"><a class=\"myButt\" href=\"https:\/\/duisburgfringe.de\/en\/anfahrt\/\">weiterlesen<\/a><\/p>","protected":false},"author":1,"featured_media":0,"parent":0,"menu_order":0,"comment_status":"closed","ping_status":"closed","template":"","meta":{"_EventAllDay":false,"_EventTimezone":"","_EventStartDate":"","_EventEndDate":"","_EventStartDateUTC":"","_EventEndDateUTC":"","_EventShowMap":false,"_EventShowMapLink":false,"_EventURL":"","_EventCost":"","_EventCostDescription":"","_EventCurrencySymbol":"","_EventCurrencyCode":"","_EventCurrencyPosition":"","_EventDateTimeSeparator":"","_EventTimeRangeSeparator":"","_EventOrganizerID":[],"_EventVenueID":[],"_OrganizerEmail":"","_OrganizerPhone":"","_OrganizerWebsite":"","_VenueAddress":"","_VenueCity":"","_VenueCountry":"","_VenueProvince":"","_VenueState":"","_VenueZip":"","_VenuePhone":"","_VenueURL":"","_VenueStateProvince":"","_VenueLat":"","_VenueLng":"","_VenueShowMap":false,"_VenueShowMapLink":false,"footnotes":""},"class_list":["post-551","page","type-page","status-publish","hentry"],"aioseo_notices":[],"jetpack_sharing_enabled":true,"_links":{"self":[{"href":"https:\/\/duisburgfringe.de\/en\/wp-json\/wp\/v2\/pages\/551"}],"collection":[{"href":"https:\/\/duisburgfringe.de\/en\/wp-json\/wp\/v2\/pages"}],"about":[{"href":"https:\/\/duisburgfringe.de\/en\/wp-json\/wp\/v2\/types\/page"}],"author":[{"embeddable":true,"href":"https:\/\/duisburgfringe.de\/en\/wp-json\/wp\/v2\/users\/1"}],"replies":[{"embeddable":true,"href":"https:\/\/duisburgfringe.de\/en\/wp-json\/wp\/v2\/comments?post=551"}],"version-history":[{"count":10,"href":"https:\/\/duisburgfringe.de\/en\/wp-json\/wp\/v2\/pages\/551\/revisions"}],"predecessor-version":[{"id":1908,"href":"https:\/\/duisburgfringe.de\/en\/wp-json\/wp\/v2\/pages\/551\/revisions\/1908"}],"wp:attachment":[{"href":"https:\/\/duisburgfringe.de\/en\/wp-json\/wp\/v2\/media?parent=551"}],"curies":[{"name":"wp","href":"https:\/\/api.w.org\/{rel}","templated":true}]}}